{"id":20757,"date":"2024-10-25T15:21:21","date_gmt":"2024-10-25T15:21:21","guid":{"rendered":"https:\/\/www.protecfire.de\/?page_id=20757"},"modified":"2026-02-27T15:25:34","modified_gmt":"2026-02-27T15:25:34","slug":"communications","status":"publish","type":"page","link":"https:\/\/www.protecfire.de\/tr\/communications\/","title":{"rendered":"ileti\u015fim"},"content":{"rendered":"<div data-elementor-type=\"wp-page\" data-elementor-id=\"20757\" class=\"elementor elementor-20757\" data-elementor-post-type=\"page\">\n\t\t\t\t<div class=\"elementor-element elementor-element-2098c98 e-flex e-con-boxed e-con e-parent\" data-id=\"2098c98\" data-element_type=\"container\" data-settings=\"{&quot;background_background&quot;:&quot;classic&quot;}\">\n\t\t\t\t\t<div class=\"e-con-inner\">\n\t\t\t\t<div class=\"elementor-element elementor-element-3ac4af6 elementor-widget elementor-widget-heading\" data-id=\"3ac4af6\" data-element_type=\"widget\" data-widget_type=\"heading.default\">\n\t\t\t\t<div class=\"elementor-widget-container\">\n\t\t\t\t\t<h2 class=\"elementor-heading-title elementor-size-default\">\u0130leti\u015fim<\/h2>\t\t\t\t<\/div>\n\t\t\t\t<\/div>\n\t\t\t\t\t<\/div>\n\t\t\t\t<\/div>\n\t\t<div class=\"elementor-element elementor-element-3b97491 e-flex e-con-boxed e-con e-parent\" data-id=\"3b97491\" data-element_type=\"container\" data-settings=\"{&quot;background_background&quot;:&quot;classic&quot;}\">\n\t\t\t\t\t<div class=\"e-con-inner\">\n\t\t\t\t<div class=\"elementor-element elementor-element-a45835a elementor-widget elementor-widget-text-editor\" data-id=\"a45835a\" data-element_type=\"widget\" data-widget_type=\"text-editor.default\">\n\t\t\t\t<div class=\"elementor-widget-container\">\n\t\t\t\t\t\t\t\t\t<p data-start=\"323\" data-end=\"345\"><strong data-start=\"323\" data-end=\"343\">Marketing Update<\/strong><\/p><p data-start=\"347\" data-end=\"420\">We have updated our product information to ensure clarity and accuracy.<\/p><p data-start=\"422\" data-end=\"598\">Our products are <strong data-start=\"439\" data-end=\"532\">tested and approved for fire safety and environmental resistance according to SP4912:2019<\/strong>, and are <strong data-start=\"542\" data-end=\"595\">certified according to SBF 127:17 and UNECE R-107 (107 R-080052)<\/strong>.<\/p><p data-start=\"422\" data-end=\"598\">27-02-2026<\/p>\t\t\t\t\t\t\t\t<\/div>\n\t\t\t\t<\/div>\n\t\t\t\t\t<\/div>\n\t\t\t\t<\/div>\n\t\t\t\t<\/div>","protected":false},"excerpt":{"rendered":"<p>Communications Marketing Update We have updated our product information to ensure clarity and accuracy. Our products are tested and approved for fire safety and environmental resistance according to SP4912:2019, and are certified according to SBF 127:17 and UNECE R-107 (107 R-080052). 27-02-2026<\/p>","protected":false},"author":1,"featured_media":0,"parent":0,"menu_order":0,"comment_status":"closed","ping_status":"closed","template":"elementor_header_footer","meta":{"footnotes":""},"class_list":["post-20757","page","type-page","status-publish","hentry"],"yoast_head":"<!-- This site is optimized with the Yoast SEO plugin v26.2 - https:\/\/yoast.com\/wordpress\/plugins\/seo\/ -->\n<title>communications - protecfire<\/title>\n<meta name=\"description\" content=\"communications to the genral public for lapses, typos, error, printing error, etc on our communication support.\" \/>\n<meta name=\"robots\" content=\"index, follow, max-snippet:-1, max-image-preview:large, max-video-preview:-1\" \/>\n<link rel=\"canonical\" href=\"https:\/\/www.protecfire.de\/tr\/communications\/\" \/>\n<meta property=\"og:locale\" content=\"tr_TR\" \/>\n<meta property=\"og:type\" content=\"article\" \/>\n<meta property=\"og:title\" content=\"communications - protecfire\" \/>\n<meta property=\"og:description\" content=\"communications to the genral public for lapses, typos, error, printing error, etc on our communication support.\" \/>\n<meta property=\"og:url\" content=\"https:\/\/www.protecfire.de\/tr\/communications\/\" \/>\n<meta property=\"og:site_name\" content=\"protecfire\" \/>\n<meta property=\"article:publisher\" content=\"https:\/\/www.facebook.com\/protecfire.de\" \/>\n<meta property=\"article:modified_time\" content=\"2026-02-27T15:25:34+00:00\" \/>\n<meta property=\"og:image\" content=\"https:\/\/www.protecfire.de\/wp-content\/uploads\/2022\/10\/all-tanks-protecfire-vehicles.332.png\" \/>\n\t<meta property=\"og:image:width\" content=\"2432\" \/>\n\t<meta property=\"og:image:height\" content=\"1164\" \/>\n\t<meta property=\"og:image:type\" content=\"image\/png\" \/>\n<meta name=\"twitter:card\" content=\"summary_large_image\" \/>\n<meta name=\"twitter:site\" content=\"@protecfire1\" \/>\n<meta name=\"twitter:label1\" content=\"Tahmini okuma s\u00fcresi\" \/>\n\t<meta name=\"twitter:data1\" content=\"1 dakika\" \/>\n<script type=\"application\/ld+json\" class=\"yoast-schema-graph\">{\"@context\":\"https:\/\/schema.org\",\"@graph\":[{\"@type\":\"WebPage\",\"@id\":\"https:\/\/www.protecfire.de\/communications\/\",\"url\":\"https:\/\/www.protecfire.de\/communications\/\",\"name\":\"communications - protecfire\",\"isPartOf\":{\"@id\":\"https:\/\/www.protecfire.de\/sv\/#website\"},\"datePublished\":\"2024-10-25T15:21:21+00:00\",\"dateModified\":\"2026-02-27T15:25:34+00:00\",\"description\":\"communications to the genral public for lapses, typos, error, printing error, etc on our communication support.\",\"breadcrumb\":{\"@id\":\"https:\/\/www.protecfire.de\/communications\/#breadcrumb\"},\"inLanguage\":\"tr\",\"potentialAction\":[{\"@type\":\"ReadAction\",\"target\":[\"https:\/\/www.protecfire.de\/communications\/\"]}]},{\"@type\":\"BreadcrumbList\",\"@id\":\"https:\/\/www.protecfire.de\/communications\/#breadcrumb\",\"itemListElement\":[{\"@type\":\"ListItem\",\"position\":1,\"name\":\"Home\",\"item\":\"https:\/\/www.protecfire.de\/\"},{\"@type\":\"ListItem\",\"position\":2,\"name\":\"communications\"}]},{\"@type\":\"WebSite\",\"@id\":\"https:\/\/www.protecfire.de\/sv\/#website\",\"url\":\"https:\/\/www.protecfire.de\/sv\/\",\"name\":\"protecfire\",\"description\":\"Automatic Fire Suppression Systems\",\"publisher\":{\"@id\":\"https:\/\/www.protecfire.de\/sv\/#organization\"},\"potentialAction\":[{\"@type\":\"SearchAction\",\"target\":{\"@type\":\"EntryPoint\",\"urlTemplate\":\"https:\/\/www.protecfire.de\/sv\/?s={search_term_string}\"},\"query-input\":{\"@type\":\"PropertyValueSpecification\",\"valueRequired\":true,\"valueName\":\"search_term_string\"}}],\"inLanguage\":\"tr\"},{\"@type\":\"Organization\",\"@id\":\"https:\/\/www.protecfire.de\/sv\/#organization\",\"name\":\"protecfire\",\"url\":\"https:\/\/www.protecfire.de\/sv\/\",\"logo\":{\"@type\":\"ImageObject\",\"inLanguage\":\"tr\",\"@id\":\"https:\/\/www.protecfire.de\/sv\/#\/schema\/logo\/image\/\",\"url\":\"https:\/\/www.protecfire.de\/wp-content\/uploads\/2023\/01\/protecfire-logo-original-1920x462-1.svg\",\"contentUrl\":\"https:\/\/www.protecfire.de\/wp-content\/uploads\/2023\/01\/protecfire-logo-original-1920x462-1.svg\",\"width\":1920,\"height\":462,\"caption\":\"protecfire\"},\"image\":{\"@id\":\"https:\/\/www.protecfire.de\/sv\/#\/schema\/logo\/image\/\"},\"sameAs\":[\"https:\/\/www.facebook.com\/protecfire.de\",\"https:\/\/x.com\/protecfire1\",\"https:\/\/www.instagram.com\/protecfire.de\/\",\"https:\/\/www.linkedin.com\/company\/protecfire-gmbh\/\",\"https:\/\/www.youtube.com\/channel\/UCPNT-TI0OtsFsXkjCp2sKvg\"]}]}<\/script>\n<!-- \/ Yoast SEO plugin. -->","yoast_head_json":{"title":"ileti\u015fim - protecfire","description":"ileti\u015fim deste\u011fimizdeki eksiklikler, yaz\u0131m hatalar\u0131, hata, bask\u0131 hatas\u0131 vb. i\u00e7in genel kamuoyuna ileti\u015fim.","robots":{"index":"index","follow":"follow","max-snippet":"max-snippet:-1","max-image-preview":"max-image-preview:large","max-video-preview":"max-video-preview:-1"},"canonical":"https:\/\/www.protecfire.de\/tr\/communications\/","og_locale":"tr_TR","og_type":"article","og_title":"communications - protecfire","og_description":"communications to the genral public for lapses, typos, error, printing error, etc on our communication support.","og_url":"https:\/\/www.protecfire.de\/tr\/communications\/","og_site_name":"protecfire","article_publisher":"https:\/\/www.facebook.com\/protecfire.de","article_modified_time":"2026-02-27T15:25:34+00:00","og_image":[{"width":2432,"height":1164,"url":"https:\/\/www.protecfire.de\/wp-content\/uploads\/2022\/10\/all-tanks-protecfire-vehicles.332.png","type":"image\/png"}],"twitter_card":"summary_large_image","twitter_site":"@protecfire1","twitter_misc":{"Tahmini okuma s\u00fcresi":"1 dakika"},"schema":{"@context":"https:\/\/schema.org","@graph":[{"@type":"WebPage","@id":"https:\/\/www.protecfire.de\/communications\/","url":"https:\/\/www.protecfire.de\/communications\/","name":"ileti\u015fim - protecfire","isPartOf":{"@id":"https:\/\/www.protecfire.de\/sv\/#website"},"datePublished":"2024-10-25T15:21:21+00:00","dateModified":"2026-02-27T15:25:34+00:00","description":"ileti\u015fim deste\u011fimizdeki eksiklikler, yaz\u0131m hatalar\u0131, hata, bask\u0131 hatas\u0131 vb. i\u00e7in genel kamuoyuna ileti\u015fim.","breadcrumb":{"@id":"https:\/\/www.protecfire.de\/communications\/#breadcrumb"},"inLanguage":"tr","potentialAction":[{"@type":"ReadAction","target":["https:\/\/www.protecfire.de\/communications\/"]}]},{"@type":"BreadcrumbList","@id":"https:\/\/www.protecfire.de\/communications\/#breadcrumb","itemListElement":[{"@type":"ListItem","position":1,"name":"Home","item":"https:\/\/www.protecfire.de\/"},{"@type":"ListItem","position":2,"name":"communications"}]},{"@type":"WebSite","@id":"https:\/\/www.protecfire.de\/sv\/#website","url":"https:\/\/www.protecfire.de\/sv\/","name":"protecfire","description":"Otomatik Yang\u0131n S\u00f6nd\u00fcrme Sistemleri","publisher":{"@id":"https:\/\/www.protecfire.de\/sv\/#organization"},"potentialAction":[{"@type":"SearchAction","target":{"@type":"EntryPoint","urlTemplate":"https:\/\/www.protecfire.de\/sv\/?s={search_term_string}"},"query-input":{"@type":"PropertyValueSpecification","valueRequired":true,"valueName":"search_term_string"}}],"inLanguage":"tr"},{"@type":"Organization","@id":"https:\/\/www.protecfire.de\/sv\/#organization","name":"protecfire","url":"https:\/\/www.protecfire.de\/sv\/","logo":{"@type":"ImageObject","inLanguage":"tr","@id":"https:\/\/www.protecfire.de\/sv\/#\/schema\/logo\/image\/","url":"https:\/\/www.protecfire.de\/wp-content\/uploads\/2023\/01\/protecfire-logo-original-1920x462-1.svg","contentUrl":"https:\/\/www.protecfire.de\/wp-content\/uploads\/2023\/01\/protecfire-logo-original-1920x462-1.svg","width":1920,"height":462,"caption":"protecfire"},"image":{"@id":"https:\/\/www.protecfire.de\/sv\/#\/schema\/logo\/image\/"},"sameAs":["https:\/\/www.facebook.com\/protecfire.de","https:\/\/x.com\/protecfire1","https:\/\/www.instagram.com\/protecfire.de\/","https:\/\/www.linkedin.com\/company\/protecfire-gmbh\/","https:\/\/www.youtube.com\/channel\/UCPNT-TI0OtsFsXkjCp2sKvg"]}]}},"_links":{"self":[{"href":"https:\/\/www.protecfire.de\/tr\/wp-json\/wp\/v2\/pages\/20757","targetHints":{"allow":["GET"]}}],"collection":[{"href":"https:\/\/www.protecfire.de\/tr\/wp-json\/wp\/v2\/pages"}],"about":[{"href":"https:\/\/www.protecfire.de\/tr\/wp-json\/wp\/v2\/types\/page"}],"author":[{"embeddable":true,"href":"https:\/\/www.protecfire.de\/tr\/wp-json\/wp\/v2\/users\/1"}],"replies":[{"embeddable":true,"href":"https:\/\/www.protecfire.de\/tr\/wp-json\/wp\/v2\/comments?post=20757"}],"version-history":[{"count":37,"href":"https:\/\/www.protecfire.de\/tr\/wp-json\/wp\/v2\/pages\/20757\/revisions"}],"predecessor-version":[{"id":24286,"href":"https:\/\/www.protecfire.de\/tr\/wp-json\/wp\/v2\/pages\/20757\/revisions\/24286"}],"wp:attachment":[{"href":"https:\/\/www.protecfire.de\/tr\/wp-json\/wp\/v2\/media?parent=20757"}],"curies":[{"name":"wp","href":"https:\/\/api.w.org\/{rel}","templated":true}]}}