{"id":694,"date":"2021-01-23T11:48:10","date_gmt":"2021-01-23T11:48:10","guid":{"rendered":"https:\/\/www.protecfire.de\/?page_id=694"},"modified":"2024-02-14T10:57:23","modified_gmt":"2024-02-14T10:57:23","slug":"imprint","status":"publish","type":"page","link":"https:\/\/www.protecfire.de\/sv\/imprint\/","title":{"rendered":"Tryck"},"content":{"rendered":"<div data-elementor-type=\"wp-page\" data-elementor-id=\"694\" class=\"elementor elementor-694\" data-elementor-post-type=\"page\">\n\t\t\t\t\t\t<section class=\"elementor-section elementor-top-section elementor-element elementor-element-b62ce30 elementor-section-height-min-height elementor-section-boxed elementor-section-height-default elementor-section-items-middle\" data-id=\"b62ce30\" data-element_type=\"section\" data-settings=\"{&quot;background_background&quot;:&quot;classic&quot;}\">\n\t\t\t\t\t\t<div class=\"elementor-container elementor-column-gap-default\">\n\t\t\t\t\t<div class=\"elementor-column elementor-col-100 elementor-top-column elementor-element elementor-element-bf6729e\" data-id=\"bf6729e\" data-element_type=\"column\">\n\t\t\t<div class=\"elementor-widget-wrap elementor-element-populated\">\n\t\t\t\t\t\t<div class=\"elementor-element elementor-element-34520a7 elementor-widget elementor-widget-heading\" data-id=\"34520a7\" data-element_type=\"widget\" data-widget_type=\"heading.default\">\n\t\t\t\t<div class=\"elementor-widget-container\">\n\t\t\t\t\t<h1 class=\"elementor-heading-title elementor-size-default\">IMPRINT<\/h1>\t\t\t\t<\/div>\n\t\t\t\t<\/div>\n\t\t\t\t\t<\/div>\n\t\t<\/div>\n\t\t\t\t\t<\/div>\n\t\t<\/section>\n\t\t\t\t<section class=\"elementor-section elementor-top-section elementor-element elementor-element-9881913 elementor-section-boxed elementor-section-height-default elementor-section-height-default\" data-id=\"9881913\" data-element_type=\"section\" data-settings=\"{&quot;background_background&quot;:&quot;classic&quot;}\">\n\t\t\t\t\t\t<div class=\"elementor-container elementor-column-gap-default\">\n\t\t\t\t\t<div class=\"elementor-column elementor-col-100 elementor-top-column elementor-element elementor-element-57c083b\" data-id=\"57c083b\" data-element_type=\"column\">\n\t\t\t<div class=\"elementor-widget-wrap elementor-element-populated\">\n\t\t\t\t\t\t<div class=\"elementor-element elementor-element-a1e7c0c elementor-widget elementor-widget-heading\" data-id=\"a1e7c0c\" data-element_type=\"widget\" data-widget_type=\"heading.default\">\n\t\t\t\t<div class=\"elementor-widget-container\">\n\t\t\t\t\t<h2 class=\"elementor-heading-title elementor-size-default\">IMPRINT<\/h2>\t\t\t\t<\/div>\n\t\t\t\t<\/div>\n\t\t\t\t<div class=\"elementor-element elementor-element-12d6fee elementor-widget elementor-widget-text-editor\" data-id=\"12d6fee\" data-element_type=\"widget\" data-widget_type=\"text-editor.default\">\n\t\t\t\t<div class=\"elementor-widget-container\">\n\t\t\t\t\t\t\t\t\t<p>Enligt \u00a7 5 i TMG<\/p><p><strong>protecfire GmbH<\/strong><br \/>Weidekamp 10<br \/>D-23558 L\u00fcbeck<\/p><p><strong>Kontakta<\/strong><br \/>Tel.: +49 (0) 451 399 61-10<br \/>Fax: +49 (0) 451 399 61-20<br \/>E-post: info(at)protecfire.de<\/p><p><strong>F\u00f6rvaltning<\/strong><br \/>Dipl.-Ing. Edgar Roberto Solis Perez, verkst\u00e4llande direkt\u00f6r<\/p><p>F\u00f6retagsregister, L\u00fcbeck, HRB 5199<br \/><strong>VAT-ID-nr:<\/strong> DE 219978084<\/p><p><strong>Tax Number \/ Steuernummer: <\/strong>2229119469<br \/><br \/><\/p><p>Ansvarig f\u00f6r inneh\u00e5llet i enlighet med \u00a7 55 Abs. 2 RStV:<br \/>Dipl.-Ing. Edgar Roberto Solis Perez och J\u00f6rg Grote<\/p><p><strong>Bankinformation \/ Bankinformationen<\/strong><\/p><p>Sparkasse Holstein<br \/>BLZ 213 522 40 - Kontonummer 179 2737 76<br \/>IBAN: DE88 2135 2240 0179 2737 76 - BIC: NOLADE21HOL<\/p><p>Sparkasse zu L\u00fcbeck<br \/>BLZ 230 501 01 - Kontonummer 144 535 34<br \/>IBAN: DE47 2305 0101 0014 4535 34 - BIC: NOLADE21SPL<\/p><p><strong>Design och f\u00f6rverkligande<\/strong><br \/>protecfire GmbH | Marknadsf\u00f6ring<br \/>Weidekamp 10<br \/>D-23558 L\u00fcbeck<br \/>Kontakt: paulo@protecfire.de<\/p>\t\t\t\t\t\t\t\t<\/div>\n\t\t\t\t<\/div>\n\t\t\t\t<div class=\"elementor-element elementor-element-942d3ca elementor-widget-divider--view-line elementor-widget elementor-widget-divider\" data-id=\"942d3ca\" data-element_type=\"widget\" data-widget_type=\"divider.default\">\n\t\t\t\t<div class=\"elementor-widget-container\">\n\t\t\t\t\t\t\t<div class=\"elementor-divider\">\n\t\t\t<span class=\"elementor-divider-separator\">\n\t\t\t\t\t\t<\/span>\n\t\t<\/div>\n\t\t\t\t\t\t<\/div>\n\t\t\t\t<\/div>\n\t\t\t\t\t<\/div>\n\t\t<\/div>\n\t\t\t\t\t<\/div>\n\t\t<\/section>\n\t\t\t\t<section class=\"elementor-section elementor-top-section elementor-element elementor-element-37a46a4 elementor-section-boxed elementor-section-height-default elementor-section-height-default\" data-id=\"37a46a4\" data-element_type=\"section\" data-settings=\"{&quot;background_background&quot;:&quot;classic&quot;}\">\n\t\t\t\t\t\t<div class=\"elementor-container elementor-column-gap-default\">\n\t\t\t\t\t<div class=\"elementor-column elementor-col-100 elementor-top-column elementor-element elementor-element-bfac973\" data-id=\"bfac973\" data-element_type=\"column\">\n\t\t\t<div class=\"elementor-widget-wrap elementor-element-populated\">\n\t\t\t\t\t\t<div class=\"elementor-element elementor-element-76807e7 elementor-widget__width-initial elementor-widget elementor-widget-text-editor\" data-id=\"76807e7\" data-element_type=\"widget\" data-widget_type=\"text-editor.default\">\n\t\t\t\t<div class=\"elementor-widget-container\">\n\t\t\t\t\t\t\t\t\t<p><strong>Ansvarsfriskrivning<\/strong><br>Vi kan ocks\u00e5 tillhandah\u00e5lla hyperl\u00e4nkar till andra webbplatser p\u00e5 v\u00e5r webbplats. Vi ansvarar inte f\u00f6r inneh\u00e5llet p\u00e5 l\u00e4nkade webbplatser och har inget inflytande \u00f6ver det. Det \u00e4r inte m\u00f6jligt f\u00f6r oss att helt och h\u00e5llet kontrollera de l\u00e4nkade webbplatserna, i synnerhet som \u00e4ndringar i inneh\u00e5llet alltid kan f\u00f6rv\u00e4ntas. Vi tar inte inneh\u00e5llet p\u00e5 l\u00e4nkade webbplatser till oss som v\u00e5rt eget. Om du m\u00e4rker att en l\u00e4nkad webbplats bryter mot lagen, v\u00e4nligen informera oss s\u00e5 att vi kan \u00f6verv\u00e4ga att ta bort l\u00e4nken.<\/p>\n<p>Bildk\u00e4llor<br>protecfire GmbH<\/p>\n<p>3<b>d bilder Royaltyfria <\/b>- Extra anv\u00e4ndning f\u00f6r installationsexempel p\u00e5 protecfire-produkter och inspiration fr\u00e5n originalprodukter.&nbsp;<br>K\u00e4llor: GrabCad \/ SketchFab \/ TurboSquid<br>F<b>ree och betald Sketchfab 3d-modeller<\/b> f\u00f6r installationsexempel p\u00e5 protecfire-produkter och inspiration till originalprodukter.&nbsp;<\/p>\n<p><b><br>Pexels gratis delade bilder \/royalty gratis<\/b><\/p>\n<p>PEXELS Juridisk enkelhet<\/p>\n<p>Alla foton och videor p\u00e5 Pexels kan laddas ner och anv\u00e4ndas gratis.<br>https:\/\/www.pexels.com\/license<\/p>\n<p>Vad \u00e4r till\u00e5tet?<\/p>\n<p>\"Vi f\u00f6rs\u00f6kte h\u00e5lla Pexels-licensen s\u00e5 enkel som m\u00f6jligt. L\u00e4s vidare f\u00f6r att f\u00e5 veta mer.<\/p>\n<p>Alla foton och videor p\u00e5 Pexels \u00e4r gratis att anv\u00e4nda.<br>Det kr\u00e4vs inte att du anger namn. Det \u00e4r inte n\u00f6dv\u00e4ndigt att ange fotografen eller Pexels, men det \u00e4r alltid uppskattat.<br>Du kan \u00e4ndra bilder och videor fr\u00e5n Pexels. Var kreativ och redigera dem som du vill.\"<br>www.pexels.com<br>Protecfire tackar Pexels och alla Pexels-medarbetare som g\u00f6r v\u00e5r kommunikation fantastisk!<br>Freestockorg | Isaac Pollock | Rae Cayabyab | Manuel Geissinger | Mark Stebnicki | Sasha Lopyrev | Scott Webb | Skitterphoto | Tom Fisk | Boukaih |Cottonbro | Pixabay | Nicholas Doherty<br>Vi beklagar om ditt namn inte n\u00e4mns av n\u00e5gon anledning.<\/p>\n<p>Videor:<\/p>\n<p>\"Meet Craig!\" video by renderforest.com under prenumerationslicens.<br>\"No Rainy Days\" video by renderforest.com under prenumerationslicens. Tariffplan ID 57570<\/p>\n<p>\"The world of protecfire\" anv\u00e4nder PEXELS gratis delat videoinneh\u00e5ll.<br>\"V\u00e5ra system och brandprovningar\" anv\u00e4nder PEXELS kostnadsfria delade videoinneh\u00e5ll.<\/p>\n<p>Musik: Fri licens med erk\u00e4nnande:<\/p>\n<p>Videor om \"protecfire:s v\u00e4rld\", \"V\u00e5ra system och brandprovningar\" inneh\u00e5ller:<br>- www.bensound.com musik: \"Creative Minds\", \"Hey!\"<br>Videofilmerna om brandprovning inneh\u00e5ller:<br>- https:\/\/www.fesliyanstudios.com musik: Trusted Advertising (av David Renda)<br>\"Slow Motions\" Musik av Action_Rhythms_-_David_Fesliyan<\/p>\n<p>Original videoinspelningar av protecfire GmbH &amp; Protecfire (Asia Pacific) Pte. Ltd.<\/p>\t\t\t\t\t\t\t\t<\/div>\n\t\t\t\t<\/div>\n\t\t\t\t\t<\/div>\n\t\t<\/div>\n\t\t\t\t\t<\/div>\n\t\t<\/section>\n\t\t\t\t<section class=\"elementor-section elementor-top-section elementor-element elementor-element-cbbef83 elementor-section-boxed elementor-section-height-default elementor-section-height-default\" data-id=\"cbbef83\" data-element_type=\"section\">\n\t\t\t\t\t\t<div class=\"elementor-container elementor-column-gap-default\">\n\t\t\t\t\t<div class=\"elementor-column elementor-col-50 elementor-top-column elementor-element elementor-element-72ee755\" data-id=\"72ee755\" data-element_type=\"column\">\n\t\t\t<div class=\"elementor-widget-wrap elementor-element-populated\">\n\t\t\t\t\t\t<div class=\"elementor-element elementor-element-13f396c elementor-widget elementor-widget-erecht24\" data-id=\"13f396c\" data-element_type=\"widget\" data-widget_type=\"erecht24.default\">\n\t\t\t\t<div class=\"elementor-widget-container\">\n\t\t\t\t\t<div class=\"erecht24-elementor-widget\"><div style=\"word-wrap: break-word;\"><\/div><\/div>\t\t\t\t<\/div>\n\t\t\t\t<\/div>\n\t\t\t\t\t<\/div>\n\t\t<\/div>\n\t\t\t\t<div class=\"elementor-column elementor-col-50 elementor-top-column elementor-element elementor-element-cbea78d\" data-id=\"cbea78d\" data-element_type=\"column\">\n\t\t\t<div class=\"elementor-widget-wrap elementor-element-populated\">\n\t\t\t\t\t\t<div class=\"elementor-element elementor-element-079ce54 elementor-widget elementor-widget-erecht24\" data-id=\"079ce54\" data-element_type=\"widget\" data-widget_type=\"erecht24.default\">\n\t\t\t\t<div class=\"elementor-widget-container\">\n\t\t\t\t\t<div class=\"erecht24-elementor-widget\"><div style=\"word-wrap: break-word;\"><\/div><\/div>\t\t\t\t<\/div>\n\t\t\t\t<\/div>\n\t\t\t\t\t<\/div>\n\t\t<\/div>\n\t\t\t\t\t<\/div>\n\t\t<\/section>\n\t\t\t\t<\/div>","protected":false},"excerpt":{"rendered":"<p>IMPRINT IMPRINT Enligt \u00a7 5 TMG protecfire GmbHWeidekamp 10D-23558 L\u00fcbeck KontaktTel: +49 (0) 451 399 61-10Fax: +49 (0) 451 399 61-20E-Mail: info(at)protecfire.de LedningDipl.-Ing. Edgar Roberto Solis Perez, verkst\u00e4llande direkt\u00f6r Handelsregister, Luebeck, HRB 5199VAT-ID-Nr: DE 219978084 Tax Number \/ Steuernummer: 2229119469 Ansvarig f\u00f6r inneh\u00e5llet enligt \u00a7 55 Abs. 2 RStV:Dipl.-Ing. Edgar [...]<\/p>","protected":false},"author":1,"featured_media":0,"parent":0,"menu_order":0,"comment_status":"closed","ping_status":"closed","template":"elementor_header_footer","meta":{"footnotes":""},"class_list":["post-694","page","type-page","status-publish","hentry"],"yoast_head":"<!-- This site is optimized with the Yoast SEO plugin v26.2 - https:\/\/yoast.com\/wordpress\/plugins\/seo\/ -->\n<title>Imprint - protecfire<\/title>\n<meta name=\"robots\" content=\"index, follow, max-snippet:-1, max-image-preview:large, max-video-preview:-1\" \/>\n<link rel=\"canonical\" href=\"https:\/\/www.protecfire.de\/sv\/imprint\/\" \/>\n<meta property=\"og:locale\" content=\"sv_SE\" \/>\n<meta property=\"og:type\" content=\"article\" \/>\n<meta property=\"og:title\" content=\"Imprint - protecfire\" \/>\n<meta property=\"og:description\" content=\"IMPRINT IMPRINT According to \u00a7 5 TMG protecfire GmbHWeidekamp 10D-23558 L\u00fcbeck ContactTel.: +49 (0) 451 399 61-10Fax: +49 (0) 451 399 61-20E-Mail: info(at)protecfire.de ManagementDipl.-Ing. Edgar Roberto Solis Perez, managing director Register of companies, Luebeck, HRB 5199VAT-ID-Nr.: DE 219978084 Tax Number \/ Steuernummer: 2229119469 Responsible for the content according to \u00a7 55 Abs. 2 RStV:Dipl.-Ing. Edgar [&hellip;]\" \/>\n<meta property=\"og:url\" content=\"https:\/\/www.protecfire.de\/sv\/imprint\/\" \/>\n<meta property=\"og:site_name\" content=\"protecfire\" \/>\n<meta property=\"article:publisher\" content=\"https:\/\/www.facebook.com\/protecfire.de\" \/>\n<meta property=\"article:modified_time\" content=\"2024-02-14T10:57:23+00:00\" \/>\n<meta property=\"og:image\" content=\"https:\/\/www.protecfire.de\/wp-content\/uploads\/2022\/10\/all-tanks-protecfire-vehicles.332.png\" \/>\n\t<meta property=\"og:image:width\" content=\"2432\" \/>\n\t<meta property=\"og:image:height\" content=\"1164\" \/>\n\t<meta property=\"og:image:type\" content=\"image\/png\" \/>\n<meta name=\"twitter:card\" content=\"summary_large_image\" \/>\n<meta name=\"twitter:site\" content=\"@protecfire1\" \/>\n<meta name=\"twitter:label1\" content=\"Ber\u00e4knad l\u00e4stid\" \/>\n\t<meta name=\"twitter:data1\" content=\"3 minuter\" \/>\n<script type=\"application\/ld+json\" class=\"yoast-schema-graph\">{\"@context\":\"https:\/\/schema.org\",\"@graph\":[{\"@type\":\"WebPage\",\"@id\":\"https:\/\/www.protecfire.de\/de\/imprint\/\",\"url\":\"https:\/\/www.protecfire.de\/de\/imprint\/\",\"name\":\"Imprint - protecfire\",\"isPartOf\":{\"@id\":\"https:\/\/www.protecfire.de\/sv\/#website\"},\"datePublished\":\"2021-01-23T11:48:10+00:00\",\"dateModified\":\"2024-02-14T10:57:23+00:00\",\"breadcrumb\":{\"@id\":\"https:\/\/www.protecfire.de\/de\/imprint\/#breadcrumb\"},\"inLanguage\":\"sv-SE\",\"potentialAction\":[{\"@type\":\"ReadAction\",\"target\":[\"https:\/\/www.protecfire.de\/de\/imprint\/\"]}]},{\"@type\":\"BreadcrumbList\",\"@id\":\"https:\/\/www.protecfire.de\/de\/imprint\/#breadcrumb\",\"itemListElement\":[{\"@type\":\"ListItem\",\"position\":1,\"name\":\"Home\",\"item\":\"https:\/\/www.protecfire.de\/\"},{\"@type\":\"ListItem\",\"position\":2,\"name\":\"Imprint\"}]},{\"@type\":\"WebSite\",\"@id\":\"https:\/\/www.protecfire.de\/sv\/#website\",\"url\":\"https:\/\/www.protecfire.de\/sv\/\",\"name\":\"protecfire\",\"description\":\"Automatic Fire Suppression Systems\",\"publisher\":{\"@id\":\"https:\/\/www.protecfire.de\/sv\/#organization\"},\"potentialAction\":[{\"@type\":\"SearchAction\",\"target\":{\"@type\":\"EntryPoint\",\"urlTemplate\":\"https:\/\/www.protecfire.de\/sv\/?s={search_term_string}\"},\"query-input\":{\"@type\":\"PropertyValueSpecification\",\"valueRequired\":true,\"valueName\":\"search_term_string\"}}],\"inLanguage\":\"sv-SE\"},{\"@type\":\"Organization\",\"@id\":\"https:\/\/www.protecfire.de\/sv\/#organization\",\"name\":\"protecfire\",\"url\":\"https:\/\/www.protecfire.de\/sv\/\",\"logo\":{\"@type\":\"ImageObject\",\"inLanguage\":\"sv-SE\",\"@id\":\"https:\/\/www.protecfire.de\/sv\/#\/schema\/logo\/image\/\",\"url\":\"https:\/\/www.protecfire.de\/wp-content\/uploads\/2023\/01\/protecfire-logo-original-1920x462-1.svg\",\"contentUrl\":\"https:\/\/www.protecfire.de\/wp-content\/uploads\/2023\/01\/protecfire-logo-original-1920x462-1.svg\",\"width\":1920,\"height\":462,\"caption\":\"protecfire\"},\"image\":{\"@id\":\"https:\/\/www.protecfire.de\/sv\/#\/schema\/logo\/image\/\"},\"sameAs\":[\"https:\/\/www.facebook.com\/protecfire.de\",\"https:\/\/x.com\/protecfire1\",\"https:\/\/www.instagram.com\/protecfire.de\/\",\"https:\/\/www.linkedin.com\/company\/protecfire-gmbh\/\",\"https:\/\/www.youtube.com\/channel\/UCPNT-TI0OtsFsXkjCp2sKvg\"]}]}<\/script>\n<!-- \/ Yoast SEO plugin. -->","yoast_head_json":{"title":"Tryck - protecfire","robots":{"index":"index","follow":"follow","max-snippet":"max-snippet:-1","max-image-preview":"max-image-preview:large","max-video-preview":"max-video-preview:-1"},"canonical":"https:\/\/www.protecfire.de\/sv\/imprint\/","og_locale":"sv_SE","og_type":"article","og_title":"Imprint - protecfire","og_description":"IMPRINT IMPRINT According to \u00a7 5 TMG protecfire GmbHWeidekamp 10D-23558 L\u00fcbeck ContactTel.: +49 (0) 451 399 61-10Fax: +49 (0) 451 399 61-20E-Mail: info(at)protecfire.de ManagementDipl.-Ing. Edgar Roberto Solis Perez, managing director Register of companies, Luebeck, HRB 5199VAT-ID-Nr.: DE 219978084 Tax Number \/ Steuernummer: 2229119469 Responsible for the content according to \u00a7 55 Abs. 2 RStV:Dipl.-Ing. Edgar [&hellip;]","og_url":"https:\/\/www.protecfire.de\/sv\/imprint\/","og_site_name":"protecfire","article_publisher":"https:\/\/www.facebook.com\/protecfire.de","article_modified_time":"2024-02-14T10:57:23+00:00","og_image":[{"width":2432,"height":1164,"url":"https:\/\/www.protecfire.de\/wp-content\/uploads\/2022\/10\/all-tanks-protecfire-vehicles.332.png","type":"image\/png"}],"twitter_card":"summary_large_image","twitter_site":"@protecfire1","twitter_misc":{"Ber\u00e4knad l\u00e4stid":"3 minuter"},"schema":{"@context":"https:\/\/schema.org","@graph":[{"@type":"WebPage","@id":"https:\/\/www.protecfire.de\/de\/imprint\/","url":"https:\/\/www.protecfire.de\/de\/imprint\/","name":"Tryck - protecfire","isPartOf":{"@id":"https:\/\/www.protecfire.de\/sv\/#website"},"datePublished":"2021-01-23T11:48:10+00:00","dateModified":"2024-02-14T10:57:23+00:00","breadcrumb":{"@id":"https:\/\/www.protecfire.de\/de\/imprint\/#breadcrumb"},"inLanguage":"sv-SE","potentialAction":[{"@type":"ReadAction","target":["https:\/\/www.protecfire.de\/de\/imprint\/"]}]},{"@type":"BreadcrumbList","@id":"https:\/\/www.protecfire.de\/de\/imprint\/#breadcrumb","itemListElement":[{"@type":"ListItem","position":1,"name":"Home","item":"https:\/\/www.protecfire.de\/"},{"@type":"ListItem","position":2,"name":"Imprint"}]},{"@type":"WebSite","@id":"https:\/\/www.protecfire.de\/sv\/#website","url":"https:\/\/www.protecfire.de\/sv\/","name":"protecfire","description":"Automatiska brandsl\u00e4ckningssystem","publisher":{"@id":"https:\/\/www.protecfire.de\/sv\/#organization"},"potentialAction":[{"@type":"SearchAction","target":{"@type":"EntryPoint","urlTemplate":"https:\/\/www.protecfire.de\/sv\/?s={search_term_string}"},"query-input":{"@type":"PropertyValueSpecification","valueRequired":true,"valueName":"search_term_string"}}],"inLanguage":"sv-SE"},{"@type":"Organization","@id":"https:\/\/www.protecfire.de\/sv\/#organization","name":"protecfire","url":"https:\/\/www.protecfire.de\/sv\/","logo":{"@type":"ImageObject","inLanguage":"sv-SE","@id":"https:\/\/www.protecfire.de\/sv\/#\/schema\/logo\/image\/","url":"https:\/\/www.protecfire.de\/wp-content\/uploads\/2023\/01\/protecfire-logo-original-1920x462-1.svg","contentUrl":"https:\/\/www.protecfire.de\/wp-content\/uploads\/2023\/01\/protecfire-logo-original-1920x462-1.svg","width":1920,"height":462,"caption":"protecfire"},"image":{"@id":"https:\/\/www.protecfire.de\/sv\/#\/schema\/logo\/image\/"},"sameAs":["https:\/\/www.facebook.com\/protecfire.de","https:\/\/x.com\/protecfire1","https:\/\/www.instagram.com\/protecfire.de\/","https:\/\/www.linkedin.com\/company\/protecfire-gmbh\/","https:\/\/www.youtube.com\/channel\/UCPNT-TI0OtsFsXkjCp2sKvg"]}]}},"_links":{"self":[{"href":"https:\/\/www.protecfire.de\/sv\/wp-json\/wp\/v2\/pages\/694","targetHints":{"allow":["GET"]}}],"collection":[{"href":"https:\/\/www.protecfire.de\/sv\/wp-json\/wp\/v2\/pages"}],"about":[{"href":"https:\/\/www.protecfire.de\/sv\/wp-json\/wp\/v2\/types\/page"}],"author":[{"embeddable":true,"href":"https:\/\/www.protecfire.de\/sv\/wp-json\/wp\/v2\/users\/1"}],"replies":[{"embeddable":true,"href":"https:\/\/www.protecfire.de\/sv\/wp-json\/wp\/v2\/comments?post=694"}],"version-history":[{"count":70,"href":"https:\/\/www.protecfire.de\/sv\/wp-json\/wp\/v2\/pages\/694\/revisions"}],"predecessor-version":[{"id":19465,"href":"https:\/\/www.protecfire.de\/sv\/wp-json\/wp\/v2\/pages\/694\/revisions\/19465"}],"wp:attachment":[{"href":"https:\/\/www.protecfire.de\/sv\/wp-json\/wp\/v2\/media?parent=694"}],"curies":[{"name":"wp","href":"https:\/\/api.w.org\/{rel}","templated":true}]}}